{"id":26,"date":"2026-03-24T20:53:14","date_gmt":"2026-03-24T20:53:14","guid":{"rendered":"https:\/\/www.autoservisbmb.com\/faq\/"},"modified":"2026-03-26T18:06:05","modified_gmt":"2026-03-26T18:06:05","slug":"faq","status":"publish","type":"page","link":"https:\/\/www.autoservisbmb.com\/sr\/faq\/","title":{"rendered":"Naj\u010de\u0161\u0107a pitanja"},"content":{"rendered":"\n<div class=\"wp-block-group alignfull is-style-ext-preset--group--natural-1--section has-background-background-color has-background has-global-padding is-layout-constrained wp-container-core-group-is-layout-e955bbaf wp-block-group-is-layout-constrained\" id=\"faq\" style=\"margin-top:0;margin-bottom:0;padding-top:var(--wp--preset--spacing--70);padding-bottom:var(--wp--preset--spacing--70)\">\n<div class=\"wp-block-group alignwide ext-is-logical-start has-global-padding is-content-justification-left is-layout-constrained wp-container-core-group-is-layout-20186816 wp-block-group-is-layout-constrained\">\n<h2 class=\"wp-block-heading ext-animate--on\">Uvek smo dostupni da re\u0161imo sve nedoumice<\/h2>\n\n\n\n<p class=\"ext-animate--on\">Prona\u0111ite odgovore na uobi\u010dajena pitanja za brze i jasne smernice.<\/p>\n<\/div>\n\n\n\n<div class=\"wp-block-columns alignwide is-layout-flex wp-container-core-columns-is-layout-08c01c1c wp-block-columns-is-layout-flex\">\n<div class=\"wp-block-column ext-animate--on is-layout-flow wp-container-core-column-is-layout-119bc444 wp-block-column-is-layout-flow\">\n<div class=\"wp-block-group is-style-ext-preset--group--natural-1--item-card-1--align-start has-global-padding is-layout-constrained wp-block-group-is-layout-constrained is-style-ext-preset--group--natural-1--item-card-1--align-start--2\">\n<div class=\"wp-block-group is-style-default has-global-padding is-layout-constrained wp-block-group-is-layout-constrained\">\n<div class=\"wp-block-group is-nowrap is-layout-flex wp-container-core-group-is-layout-64fa2afa wp-block-group-is-layout-flex\" style=\"padding-top:0;padding-right:0;padding-bottom:0;padding-left:0\">\n<figure class=\"wp-block-image size-large ext-aspect-landscape wp-duotone-primary-foreground\"><img decoding=\"async\" src=\"data:image\/svg+xml;base64,PHN2ZyB4bWxucz0iaHR0cDovL3d3dy53My5vcmcvMjAwMC9zdmciIHdpZHRoPSI0OCIgaGVpZ2h0PSI0OCIgZmlsbD0iIzAwMDAwMCIgdmlld0JveD0iMCAwIDI1NiAyNTYiPjxwYXRoIGQ9Ik0xNDAsMTgwYTEyLDEyLDAsMSwxLTEyLTEyQTEyLDEyLDAsMCwxLDE0MCwxODBaTTEyOCw3MmMtMjIuMDYsMC00MCwxNi4xNS00MCwzNnY0YTgsOCwwLDAsMCwxNiwwdi00YzAtMTEsMTAuNzctMjAsMjQtMjBzMjQsOSwyNCwyMC0xMC43NywyMC0yNCwyMGE4LDgsMCwwLDAtOCw4djhhOCw4LDAsMCwwLDE2LDB2LS43MmMxOC4yNC0zLjM1LDMyLTE3LjksMzItMzUuMjhDMTY4LDg4LjE1LDE1MC4wNiw3MiwxMjgsNzJabTEwNCw1NkExMDQsMTA0LDAsMSwxLDEyOCwyNCwxMDQuMTEsMTA0LjExLDAsMCwxLDIzMiwxMjhabS0xNiwwYTg4LDg4LDAsMSwwLTg4LDg4QTg4LjEsODguMSwwLDAsMCwyMTYsMTI4WiI+PC9wYXRoPjwvc3ZnPg==\" alt=\"\" style=\"object-fit:cover\"\/><\/figure>\n\n\n\n<div class=\"wp-block-group wp-container-content-958eb9dc has-global-padding is-layout-constrained wp-container-core-group-is-layout-c06d165c wp-block-group-is-layout-constrained\" style=\"padding-top:0;padding-right:0;padding-bottom:0;padding-left:0\">\n<h3 class=\"wp-block-heading\">Koje je radno vreme servisa?<\/h3>\n\n\n\n<p>Na\u0161 servis otvoren je svakog dana (uklju\u010duju\u0107i i vikend) u periodu od 09:00-18:00 \u010dasova.<\/p>\n<\/div>\n<\/div>\n<\/div>\n<\/div>\n<\/div>\n\n\n\n<div class=\"wp-block-column ext-animate--on is-layout-flow wp-container-core-column-is-layout-119bc444 wp-block-column-is-layout-flow\">\n<div class=\"wp-block-group is-style-ext-preset--group--natural-1--item-card-1--align-start has-global-padding is-layout-constrained wp-block-group-is-layout-constrained is-style-ext-preset--group--natural-1--item-card-1--align-start--3\">\n<div class=\"wp-block-group is-style-default has-global-padding is-layout-constrained wp-block-group-is-layout-constrained\">\n<div class=\"wp-block-group is-nowrap is-layout-flex wp-container-core-group-is-layout-64fa2afa wp-block-group-is-layout-flex\" style=\"padding-top:0;padding-right:0;padding-bottom:0;padding-left:0\">\n<figure class=\"wp-block-image size-large ext-aspect-landscape wp-duotone-primary-foreground\"><img decoding=\"async\" src=\"data:image\/svg+xml;base64,PHN2ZyB4bWxucz0iaHR0cDovL3d3dy53My5vcmcvMjAwMC9zdmciIHdpZHRoPSI0OCIgaGVpZ2h0PSI0OCIgZmlsbD0iIzAwMDAwMCIgdmlld0JveD0iMCAwIDI1NiAyNTYiPjxwYXRoIGQ9Ik0xNDAsMTgwYTEyLDEyLDAsMSwxLTEyLTEyQTEyLDEyLDAsMCwxLDE0MCwxODBaTTEyOCw3MmMtMjIuMDYsMC00MCwxNi4xNS00MCwzNnY0YTgsOCwwLDAsMCwxNiwwdi00YzAtMTEsMTAuNzctMjAsMjQtMjBzMjQsOSwyNCwyMC0xMC43NywyMC0yNCwyMGE4LDgsMCwwLDAtOCw4djhhOCw4LDAsMCwwLDE2LDB2LS43MmMxOC4yNC0zLjM1LDMyLTE3LjksMzItMzUuMjhDMTY4LDg4LjE1LDE1MC4wNiw3MiwxMjgsNzJabTEwNCw1NkExMDQsMTA0LDAsMSwxLDEyOCwyNCwxMDQuMTEsMTA0LjExLDAsMCwxLDIzMiwxMjhabS0xNiwwYTg4LDg4LDAsMSwwLTg4LDg4QTg4LjEsODguMSwwLDAsMCwyMTYsMTI4WiI+PC9wYXRoPjwvc3ZnPg==\" alt=\"\" style=\"object-fit:cover\"\/><\/figure>\n\n\n\n<div class=\"wp-block-group wp-container-content-958eb9dc has-global-padding is-layout-constrained wp-container-core-group-is-layout-c06d165c wp-block-group-is-layout-constrained\" style=\"padding-top:0;padding-right:0;padding-bottom:0;padding-left:0\">\n<h3 class=\"wp-block-heading\">Koliko traje tipi\u010dna popravka?<\/h3>\n\n\n\n<p>Vec\u0301ina opravki se zavr\u0161ava u roku od nekoliko sati, u zavisnosti od problema.<\/p>\n<\/div>\n<\/div>\n<\/div>\n<\/div>\n<\/div>\n<\/div>\n\n\n\n<div class=\"wp-block-columns alignwide is-layout-flex wp-container-core-columns-is-layout-967d05ff wp-block-columns-is-layout-flex\" style=\"margin-top:var(--wp--preset--spacing--40)\">\n<div class=\"wp-block-column ext-animate--on is-layout-flow wp-container-core-column-is-layout-119bc444 wp-block-column-is-layout-flow\">\n<div class=\"wp-block-group is-style-ext-preset--group--natural-1--item-card-1--align-start has-global-padding is-layout-constrained wp-block-group-is-layout-constrained is-style-ext-preset--group--natural-1--item-card-1--align-start--4\">\n<div class=\"wp-block-group is-style-default has-global-padding is-layout-constrained wp-block-group-is-layout-constrained\">\n<div class=\"wp-block-group is-nowrap is-layout-flex wp-container-core-group-is-layout-64fa2afa wp-block-group-is-layout-flex\" style=\"padding-top:0;padding-right:0;padding-bottom:0;padding-left:0\">\n<figure class=\"wp-block-image size-large ext-aspect-landscape wp-duotone-primary-foreground\"><img decoding=\"async\" src=\"data:image\/svg+xml;base64,PHN2ZyB4bWxucz0iaHR0cDovL3d3dy53My5vcmcvMjAwMC9zdmciIHdpZHRoPSI0OCIgaGVpZ2h0PSI0OCIgZmlsbD0iIzAwMDAwMCIgdmlld0JveD0iMCAwIDI1NiAyNTYiPjxwYXRoIGQ9Ik0xNDAsMTgwYTEyLDEyLDAsMSwxLTEyLTEyQTEyLDEyLDAsMCwxLDE0MCwxODBaTTEyOCw3MmMtMjIuMDYsMC00MCwxNi4xNS00MCwzNnY0YTgsOCwwLDAsMCwxNiwwdi00YzAtMTEsMTAuNzctMjAsMjQtMjBzMjQsOSwyNCwyMC0xMC43NywyMC0yNCwyMGE4LDgsMCwwLDAtOCw4djhhOCw4LDAsMCwwLDE2LDB2LS43MmMxOC4yNC0zLjM1LDMyLTE3LjksMzItMzUuMjhDMTY4LDg4LjE1LDE1MC4wNiw3MiwxMjgsNzJabTEwNCw1NkExMDQsMTA0LDAsMSwxLDEyOCwyNCwxMDQuMTEsMTA0LjExLDAsMCwxLDIzMiwxMjhabS0xNiwwYTg4LDg4LDAsMSwwLTg4LDg4QTg4LjEsODguMSwwLDAsMCwyMTYsMTI4WiI+PC9wYXRoPjwvc3ZnPg==\" alt=\"\" style=\"object-fit:cover\"\/><\/figure>\n\n\n\n<div class=\"wp-block-group wp-container-content-958eb9dc has-global-padding is-layout-constrained wp-container-core-group-is-layout-c06d165c wp-block-group-is-layout-constrained\" style=\"padding-top:0;padding-right:0;padding-bottom:0;padding-left:0\">\n<h3 class=\"wp-block-heading\">Da li nudite dijagnosti\u010dke usluge za sve marke automobila?<\/h3>\n\n\n\n<p>Da, pru\u017eamo preciznu dijagnostiku za sve marke, tipove i modele vozila.<\/p>\n<\/div>\n<\/div>\n<\/div>\n<\/div>\n<\/div>\n\n\n\n<div class=\"wp-block-column ext-animate--on is-layout-flow wp-container-core-column-is-layout-119bc444 wp-block-column-is-layout-flow\">\n<div class=\"wp-block-group is-style-ext-preset--group--natural-1--item-card-1--align-start has-global-padding is-layout-constrained wp-block-group-is-layout-constrained is-style-ext-preset--group--natural-1--item-card-1--align-start--5\">\n<div class=\"wp-block-group is-style-default has-global-padding is-layout-constrained wp-block-group-is-layout-constrained\">\n<div class=\"wp-block-group is-nowrap is-layout-flex wp-container-core-group-is-layout-64fa2afa wp-block-group-is-layout-flex\" style=\"padding-top:0;padding-right:0;padding-bottom:0;padding-left:0\">\n<figure class=\"wp-block-image size-large ext-aspect-landscape wp-duotone-primary-foreground\"><img decoding=\"async\" src=\"data:image\/svg+xml;base64,PHN2ZyB4bWxucz0iaHR0cDovL3d3dy53My5vcmcvMjAwMC9zdmciIHdpZHRoPSI0OCIgaGVpZ2h0PSI0OCIgZmlsbD0iIzAwMDAwMCIgdmlld0JveD0iMCAwIDI1NiAyNTYiPjxwYXRoIGQ9Ik0xNDAsMTgwYTEyLDEyLDAsMSwxLTEyLTEyQTEyLDEyLDAsMCwxLDE0MCwxODBaTTEyOCw3MmMtMjIuMDYsMC00MCwxNi4xNS00MCwzNnY0YTgsOCwwLDAsMCwxNiwwdi00YzAtMTEsMTAuNzctMjAsMjQtMjBzMjQsOSwyNCwyMC0xMC43NywyMC0yNCwyMGE4LDgsMCwwLDAtOCw4djhhOCw4LDAsMCwwLDE2LDB2LS43MmMxOC4yNC0zLjM1LDMyLTE3LjksMzItMzUuMjhDMTY4LDg4LjE1LDE1MC4wNiw3MiwxMjgsNzJabTEwNCw1NkExMDQsMTA0LDAsMSwxLDEyOCwyNCwxMDQuMTEsMTA0LjExLDAsMCwxLDIzMiwxMjhabS0xNiwwYTg4LDg4LDAsMSwwLTg4LDg4QTg4LjEsODguMSwwLDAsMCwyMTYsMTI4WiI+PC9wYXRoPjwvc3ZnPg==\" alt=\"\" style=\"object-fit:cover\"\/><\/figure>\n\n\n\n<div class=\"wp-block-group wp-container-content-958eb9dc has-global-padding is-layout-constrained wp-container-core-group-is-layout-c06d165c wp-block-group-is-layout-constrained\" style=\"padding-top:0;padding-right:0;padding-bottom:0;padding-left:0\">\n<h3 class=\"wp-block-heading\">Kakvu garanciju nudite na popravke?<\/h3>\n\n\n\n<p>Pru\u017eamo 6-mese\u010dnu garanciju na sve delove i izvr\u0161eni rad.<\/p>\n<\/div>\n<\/div>\n<\/div>\n<\/div>\n<\/div>\n<\/div>\n\n\n\n<div class=\"wp-block-columns alignwide is-layout-flex wp-container-core-columns-is-layout-967d05ff wp-block-columns-is-layout-flex\" style=\"margin-top:var(--wp--preset--spacing--40)\">\n<div class=\"wp-block-column ext-animate--on is-layout-flow wp-container-core-column-is-layout-119bc444 wp-block-column-is-layout-flow\">\n<div class=\"wp-block-group is-style-ext-preset--group--natural-1--item-card-1--align-start has-global-padding is-layout-constrained wp-block-group-is-layout-constrained is-style-ext-preset--group--natural-1--item-card-1--align-start--6\">\n<div class=\"wp-block-group is-style-default has-global-padding is-layout-constrained wp-block-group-is-layout-constrained\">\n<div class=\"wp-block-group is-nowrap is-layout-flex wp-container-core-group-is-layout-64fa2afa wp-block-group-is-layout-flex\" style=\"padding-top:0;padding-right:0;padding-bottom:0;padding-left:0\">\n<figure class=\"wp-block-image size-large ext-aspect-landscape wp-duotone-primary-foreground\"><img decoding=\"async\" src=\"data:image\/svg+xml;base64,PHN2ZyB4bWxucz0iaHR0cDovL3d3dy53My5vcmcvMjAwMC9zdmciIHdpZHRoPSI0OCIgaGVpZ2h0PSI0OCIgZmlsbD0iIzAwMDAwMCIgdmlld0JveD0iMCAwIDI1NiAyNTYiPjxwYXRoIGQ9Ik0xNDAsMTgwYTEyLDEyLDAsMSwxLTEyLTEyQTEyLDEyLDAsMCwxLDE0MCwxODBaTTEyOCw3MmMtMjIuMDYsMC00MCwxNi4xNS00MCwzNnY0YTgsOCwwLDAsMCwxNiwwdi00YzAtMTEsMTAuNzctMjAsMjQtMjBzMjQsOSwyNCwyMC0xMC43NywyMC0yNCwyMGE4LDgsMCwwLDAtOCw4djhhOCw4LDAsMCwwLDE2LDB2LS43MmMxOC4yNC0zLjM1LDMyLTE3LjksMzItMzUuMjhDMTY4LDg4LjE1LDE1MC4wNiw3MiwxMjgsNzJabTEwNCw1NkExMDQsMTA0LDAsMSwxLDEyOCwyNCwxMDQuMTEsMTA0LjExLDAsMCwxLDIzMiwxMjhabS0xNiwwYTg4LDg4LDAsMSwwLTg4LDg4QTg4LjEsODguMSwwLDAsMCwyMTYsMTI4WiI+PC9wYXRoPjwvc3ZnPg==\" alt=\"\" style=\"object-fit:cover\"\/><\/figure>\n\n\n\n<div class=\"wp-block-group wp-container-content-958eb9dc has-global-padding is-layout-constrained wp-container-core-group-is-layout-c06d165c wp-block-group-is-layout-constrained\" style=\"padding-top:0;padding-right:0;padding-bottom:0;padding-left:0\">\n<h3 class=\"wp-block-heading\">Mo\u017ee li se dobiti okvirna cena pre po\u010detka popravke vozila?<\/h3>\n\n\n\n<p>Naravno, mo\u017ee se dobiti okvirna cena opravke vozila u bilo kom momentu.<\/p>\n<\/div>\n<\/div>\n<\/div>\n<\/div>\n<\/div>\n\n\n\n<div class=\"wp-block-column ext-animate--on is-layout-flow wp-container-core-column-is-layout-119bc444 wp-block-column-is-layout-flow\">\n<div class=\"wp-block-group is-style-ext-preset--group--natural-1--item-card-1--align-start has-global-padding is-layout-constrained wp-block-group-is-layout-constrained is-style-ext-preset--group--natural-1--item-card-1--align-start--7\">\n<div class=\"wp-block-group is-style-default has-global-padding is-layout-constrained wp-block-group-is-layout-constrained\">\n<div class=\"wp-block-group is-nowrap is-layout-flex wp-container-core-group-is-layout-64fa2afa wp-block-group-is-layout-flex\" style=\"padding-top:0;padding-right:0;padding-bottom:0;padding-left:0\">\n<figure class=\"wp-block-image size-large ext-aspect-landscape wp-duotone-primary-foreground\"><img decoding=\"async\" src=\"data:image\/svg+xml;base64,PHN2ZyB4bWxucz0iaHR0cDovL3d3dy53My5vcmcvMjAwMC9zdmciIHdpZHRoPSI0OCIgaGVpZ2h0PSI0OCIgZmlsbD0iIzAwMDAwMCIgdmlld0JveD0iMCAwIDI1NiAyNTYiPjxwYXRoIGQ9Ik0xNDAsMTgwYTEyLDEyLDAsMSwxLTEyLTEyQTEyLDEyLDAsMCwxLDE0MCwxODBaTTEyOCw3MmMtMjIuMDYsMC00MCwxNi4xNS00MCwzNnY0YTgsOCwwLDAsMCwxNiwwdi00YzAtMTEsMTAuNzctMjAsMjQtMjBzMjQsOSwyNCwyMC0xMC43NywyMC0yNCwyMGE4LDgsMCwwLDAtOCw4djhhOCw4LDAsMCwwLDE2LDB2LS43MmMxOC4yNC0zLjM1LDMyLTE3LjksMzItMzUuMjhDMTY4LDg4LjE1LDE1MC4wNiw3MiwxMjgsNzJabTEwNCw1NkExMDQsMTA0LDAsMSwxLDEyOCwyNCwxMDQuMTEsMTA0LjExLDAsMCwxLDIzMiwxMjhabS0xNiwwYTg4LDg4LDAsMSwwLTg4LDg4QTg4LjEsODguMSwwLDAsMCwyMTYsMTI4WiI+PC9wYXRoPjwvc3ZnPg==\" alt=\"\" style=\"object-fit:cover\"\/><\/figure>\n\n\n\n<div class=\"wp-block-group wp-container-content-958eb9dc has-global-padding is-layout-constrained wp-container-core-group-is-layout-c06d165c wp-block-group-is-layout-constrained\" style=\"padding-top:0;padding-right:0;padding-bottom:0;padding-left:0\">\n<h3 class=\"wp-block-heading\">Da li pru\u017eate usluge hitnih popravki?<\/h3>\n\n\n\n<p>Da, nudimo brze hitne popravke kako biste se \u0161to pre vratili na put.<\/p>\n<\/div>\n<\/div>\n<\/div>\n<\/div>\n<\/div>\n<\/div>\n<\/div>\n","protected":false},"excerpt":{"rendered":"<p>Uvek smo dostupni da re\u0161imo sve nedoumice Prona\u0111ite odgovore na uobi\u010dajena pitanja za brze i jasne smernice. Koje je radno vreme servisa? Na\u0161 servis otvoren je svakog dana (uklju\u010duju\u0107i i vikend) u periodu od 09:00-18:00 \u010dasova. Koliko traje tipi\u010dna popravka? Vec\u0301ina opravki se zavr\u0161ava u roku od nekoliko sati, u zavisnosti od problema. Da li [&hellip;]<\/p>\n","protected":false},"author":1,"featured_media":0,"parent":0,"menu_order":0,"comment_status":"closed","ping_status":"closed","template":"page-with-title","meta":{"_monsterinsights_skip_tracking":false,"_monsterinsights_sitenote_active":false,"_monsterinsights_sitenote_note":"","_monsterinsights_sitenote_category":0,"footnotes":""},"class_list":["post-26","page","type-page","status-publish","hentry"],"_links":{"self":[{"href":"https:\/\/www.autoservisbmb.com\/sr\/wp-json\/wp\/v2\/pages\/26","targetHints":{"allow":["GET"]}}],"collection":[{"href":"https:\/\/www.autoservisbmb.com\/sr\/wp-json\/wp\/v2\/pages"}],"about":[{"href":"https:\/\/www.autoservisbmb.com\/sr\/wp-json\/wp\/v2\/types\/page"}],"author":[{"embeddable":true,"href":"https:\/\/www.autoservisbmb.com\/sr\/wp-json\/wp\/v2\/users\/1"}],"replies":[{"embeddable":true,"href":"https:\/\/www.autoservisbmb.com\/sr\/wp-json\/wp\/v2\/comments?post=26"}],"version-history":[{"count":6,"href":"https:\/\/www.autoservisbmb.com\/sr\/wp-json\/wp\/v2\/pages\/26\/revisions"}],"predecessor-version":[{"id":120,"href":"https:\/\/www.autoservisbmb.com\/sr\/wp-json\/wp\/v2\/pages\/26\/revisions\/120"}],"wp:attachment":[{"href":"https:\/\/www.autoservisbmb.com\/sr\/wp-json\/wp\/v2\/media?parent=26"}],"curies":[{"name":"wp","href":"https:\/\/api.w.org\/{rel}","templated":true}]}}