{"id":27,"date":"2026-03-24T20:53:15","date_gmt":"2026-03-24T20:53:15","guid":{"rendered":"https:\/\/www.autoservisbmb.com\/services\/"},"modified":"2026-03-27T00:38:54","modified_gmt":"2026-03-27T00:38:54","slug":"services","status":"publish","type":"page","link":"https:\/\/www.autoservisbmb.com\/en\/services\/","title":{"rendered":"Services"},"content":{"rendered":"<div class=\"wp-block-group alignfull is-style-ext-preset--group--natural-1--section has-background-background-color has-background has-global-padding is-layout-constrained wp-container-core-group-is-layout-e955bbaf wp-block-group-is-layout-constrained\" id=\"services\" style=\"margin-top:0;margin-bottom:0;padding-top:var(--wp--preset--spacing--70);padding-bottom:var(--wp--preset--spacing--70)\">\n<div class=\"wp-block-group alignwide ext-is-logical-start has-global-padding is-content-justification-left is-layout-constrained wp-container-core-group-is-layout-6729bdbe wp-block-group-is-layout-constrained\">\n<h2 class=\"wp-block-heading ext-animate--on\">Reliable and expert care that your vehicle needs<\/h2>\n\n\n\n<p class=\"has-text-align-left ext-animate--on\">Discover our wide range of services, committed to precision and your satisfaction. <\/p>\n\n\n\n<div class=\"wp-block-buttons ext-animate--on is-content-justification-center is-layout-flex wp-container-core-buttons-is-layout-a89b3969 wp-block-buttons-is-layout-flex\">\n<div class=\"wp-block-button\"><a class=\"wp-block-button__link wp-element-button\" href=\"https:\/\/www.autoservisbmb.com\/en\/contact\/\">Schedule a repair<\/a><\/div>\n<\/div>\n<\/div>\n\n\n\n<div class=\"wp-block-columns alignwide is-layout-flex wp-container-core-columns-is-layout-08c01c1c wp-block-columns-is-layout-flex\">\n<div class=\"wp-block-column ext-animate--on is-layout-flow wp-block-column-is-layout-flow\">\n<div class=\"wp-block-group is-style-ext-preset--group--natural-1--item-card-1--align-start has-global-padding is-layout-constrained wp-block-group-is-layout-constrained is-style-ext-preset--group--natural-1--item-card-1--align-start--2\">\n<figure class=\"wp-block-image size-large\"><img loading=\"lazy\" decoding=\"async\" width=\"768\" height=\"1024\" src=\"https:\/\/www.autoservisbmb.com\/wp-content\/uploads\/2026\/03\/IMG-20260326-WA0013-768x1024.jpg\" alt=\"\" class=\"wp-image-165\" style=\"aspect-ratio:4\/3;object-fit:cover\" srcset=\"https:\/\/www.autoservisbmb.com\/wp-content\/uploads\/2026\/03\/IMG-20260326-WA0013-768x1024.jpg 768w, https:\/\/www.autoservisbmb.com\/wp-content\/uploads\/2026\/03\/IMG-20260326-WA0013-225x300.jpg 225w, https:\/\/www.autoservisbmb.com\/wp-content\/uploads\/2026\/03\/IMG-20260326-WA0013-1152x1536.jpg 1152w, https:\/\/www.autoservisbmb.com\/wp-content\/uploads\/2026\/03\/IMG-20260326-WA0013-9x12.jpg 9w, https:\/\/www.autoservisbmb.com\/wp-content\/uploads\/2026\/03\/IMG-20260326-WA0013.jpg 1500w\" sizes=\"auto, (max-width: 768px) 100vw, 768px\" \/><\/figure>\n\n\n\n<div class=\"wp-block-group is-style-default has-global-padding is-layout-constrained wp-block-group-is-layout-constrained\">\n<h3 class=\"wp-block-heading\">Diagnostics, mechanics and electrical<\/h3>\n\n\n\n<p>We quickly and easily identify the problem and offer the best and most reliable solution.<\/p>\n<\/div>\n<\/div>\n<\/div>\n\n\n\n<div class=\"wp-block-column ext-animate--on is-layout-flow wp-block-column-is-layout-flow\">\n<div class=\"wp-block-group is-style-ext-preset--group--natural-1--item-card-1--align-start has-global-padding is-layout-constrained wp-block-group-is-layout-constrained is-style-ext-preset--group--natural-1--item-card-1--align-start--3\">\n<figure class=\"wp-block-image size-large\"><img loading=\"lazy\" decoding=\"async\" width=\"1020\" height=\"1024\" src=\"https:\/\/www.autoservisbmb.com\/wp-content\/uploads\/2026\/03\/IMG-20260327-WA0000-1020x1024.jpg\" alt=\"\" class=\"wp-image-191\" style=\"aspect-ratio:4\/3;object-fit:cover\" srcset=\"https:\/\/www.autoservisbmb.com\/wp-content\/uploads\/2026\/03\/IMG-20260327-WA0000-1020x1024.jpg 1020w, https:\/\/www.autoservisbmb.com\/wp-content\/uploads\/2026\/03\/IMG-20260327-WA0000-300x300.jpg 300w, https:\/\/www.autoservisbmb.com\/wp-content\/uploads\/2026\/03\/IMG-20260327-WA0000-150x150.jpg 150w, https:\/\/www.autoservisbmb.com\/wp-content\/uploads\/2026\/03\/IMG-20260327-WA0000-768x771.jpg 768w, https:\/\/www.autoservisbmb.com\/wp-content\/uploads\/2026\/03\/IMG-20260327-WA0000-1530x1536.jpg 1530w, https:\/\/www.autoservisbmb.com\/wp-content\/uploads\/2026\/03\/IMG-20260327-WA0000-2040x2048.jpg 2040w, https:\/\/www.autoservisbmb.com\/wp-content\/uploads\/2026\/03\/IMG-20260327-WA0000-12x12.jpg 12w\" sizes=\"auto, (max-width: 1020px) 100vw, 1020px\" \/><\/figure>\n\n\n\n<div class=\"wp-block-group is-style-default has-global-padding is-layout-constrained wp-block-group-is-layout-constrained\">\n<h3 class=\"wp-block-heading\">Brake repair<\/h3>\n\n\n\n<p>Servicing all types of brakes to ensure your safety and performance on the road.<\/p>\n<\/div>\n<\/div>\n<\/div>\n\n\n\n<div class=\"wp-block-column ext-animate--on is-layout-flow wp-block-column-is-layout-flow\">\n<div class=\"wp-block-group is-style-ext-preset--group--natural-1--item-card-1--align-start has-global-padding is-layout-constrained wp-block-group-is-layout-constrained is-style-ext-preset--group--natural-1--item-card-1--align-start--4\">\n<figure class=\"wp-block-image size-large\"><img loading=\"lazy\" decoding=\"async\" width=\"768\" height=\"1024\" src=\"https:\/\/www.autoservisbmb.com\/wp-content\/uploads\/2026\/03\/IMG-20260323-WA0006-768x1024.jpg\" alt=\"\" class=\"wp-image-155\" style=\"aspect-ratio:4\/3;object-fit:cover\" srcset=\"https:\/\/www.autoservisbmb.com\/wp-content\/uploads\/2026\/03\/IMG-20260323-WA0006-768x1024.jpg 768w, https:\/\/www.autoservisbmb.com\/wp-content\/uploads\/2026\/03\/IMG-20260323-WA0006-225x300.jpg 225w, https:\/\/www.autoservisbmb.com\/wp-content\/uploads\/2026\/03\/IMG-20260323-WA0006-1152x1536.jpg 1152w, https:\/\/www.autoservisbmb.com\/wp-content\/uploads\/2026\/03\/IMG-20260323-WA0006-9x12.jpg 9w, https:\/\/www.autoservisbmb.com\/wp-content\/uploads\/2026\/03\/IMG-20260323-WA0006.jpg 1500w\" sizes=\"auto, (max-width: 768px) 100vw, 768px\" \/><\/figure>\n\n\n\n<div class=\"wp-block-group is-style-default has-global-padding is-layout-constrained wp-block-group-is-layout-constrained\">\n<h3 class=\"wp-block-heading\">Minor and major service<\/h3>\n\n\n\n<p>Reliable maintenance that keeps your vehicles in excellent condition for every drive.<\/p>\n<\/div>\n<\/div>\n<\/div>\n<\/div>\n<\/div>\n\n\n\n<div class=\"wp-block-group alignfull is-style-ext-preset--group--natural-1--section ext-animate--on has-background-background-color has-background has-global-padding is-layout-constrained wp-container-core-group-is-layout-e955bbaf wp-block-group-is-layout-constrained\" id=\"services\" style=\"margin-top:0;margin-bottom:0;padding-top:var(--wp--preset--spacing--70);padding-bottom:var(--wp--preset--spacing--70)\">\n<div class=\"wp-block-columns alignwide ext-animate--on is-layout-flex wp-container-core-columns-is-layout-08c01c1c wp-block-columns-is-layout-flex\">\n<div class=\"wp-block-column ext-animate--on is-layout-flow wp-block-column-is-layout-flow\">\n<div class=\"wp-block-group is-style-ext-preset--group--natural-1--item-card-1--align-start ext-animate--on has-global-padding is-layout-constrained wp-block-group-is-layout-constrained is-style-ext-preset--group--natural-1--item-card-1--align-start--6\">\n<figure class=\"wp-block-image size-large ext-animate--on\"><img loading=\"lazy\" decoding=\"async\" width=\"768\" height=\"1024\" src=\"https:\/\/www.autoservisbmb.com\/wp-content\/uploads\/2026\/03\/IMG-20260326-WA0014-768x1024.jpg\" alt=\"\" class=\"wp-image-166\" style=\"aspect-ratio:4\/3;object-fit:cover\" srcset=\"https:\/\/www.autoservisbmb.com\/wp-content\/uploads\/2026\/03\/IMG-20260326-WA0014-768x1024.jpg 768w, https:\/\/www.autoservisbmb.com\/wp-content\/uploads\/2026\/03\/IMG-20260326-WA0014-225x300.jpg 225w, https:\/\/www.autoservisbmb.com\/wp-content\/uploads\/2026\/03\/IMG-20260326-WA0014-1152x1536.jpg 1152w, https:\/\/www.autoservisbmb.com\/wp-content\/uploads\/2026\/03\/IMG-20260326-WA0014-9x12.jpg 9w, https:\/\/www.autoservisbmb.com\/wp-content\/uploads\/2026\/03\/IMG-20260326-WA0014.jpg 1500w\" sizes=\"auto, (max-width: 768px) 100vw, 768px\" \/><\/figure>\n\n\n\n<div class=\"wp-block-group is-style-default ext-animate--on has-global-padding is-layout-constrained wp-block-group-is-layout-constrained\">\n<h3 class=\"wp-block-heading ext-animate--on\">A\/C repair and recharge\/Automotive air conditioning service<\/h3>\n\n\n\n<p class=\"ext-animate--on\">We are here to ensure that the change in outside temperature does not affect the comfort while driving.<\/p>\n<\/div>\n<\/div>\n<\/div>\n\n\n\n<div class=\"wp-block-column ext-animate--on is-layout-flow wp-block-column-is-layout-flow\">\n<div class=\"wp-block-group is-style-ext-preset--group--natural-1--item-card-1--align-start ext-animate--on has-global-padding is-layout-constrained wp-block-group-is-layout-constrained is-style-ext-preset--group--natural-1--item-card-1--align-start--7\">\n<figure class=\"wp-block-image size-large ext-animate--on\"><img loading=\"lazy\" decoding=\"async\" width=\"768\" height=\"1024\" src=\"https:\/\/www.autoservisbmb.com\/wp-content\/uploads\/2026\/03\/IMG-20260327-WA0002-768x1024.jpg\" alt=\"\" class=\"wp-image-193\" style=\"aspect-ratio:4\/3;object-fit:cover\" srcset=\"https:\/\/www.autoservisbmb.com\/wp-content\/uploads\/2026\/03\/IMG-20260327-WA0002-768x1024.jpg 768w, https:\/\/www.autoservisbmb.com\/wp-content\/uploads\/2026\/03\/IMG-20260327-WA0002-225x300.jpg 225w, https:\/\/www.autoservisbmb.com\/wp-content\/uploads\/2026\/03\/IMG-20260327-WA0002-1152x1536.jpg 1152w, https:\/\/www.autoservisbmb.com\/wp-content\/uploads\/2026\/03\/IMG-20260327-WA0002-9x12.jpg 9w, https:\/\/www.autoservisbmb.com\/wp-content\/uploads\/2026\/03\/IMG-20260327-WA0002.jpg 1500w\" sizes=\"auto, (max-width: 768px) 100vw, 768px\" \/><\/figure>\n\n\n\n<div class=\"wp-block-group is-style-default ext-animate--on has-global-padding is-layout-constrained wp-block-group-is-layout-constrained\">\n<h3 class=\"wp-block-heading ext-animate--on\">Clutch set replacement<\/h3>\n\n\n\n<p class=\"ext-animate--on\">Clutch set replacement = smooth shifting, better control and safe driving without skidding.<\/p>\n<\/div>\n<\/div>\n<\/div>\n\n\n\n<div class=\"wp-block-column ext-animate--on is-layout-flow wp-block-column-is-layout-flow\">\n<div class=\"wp-block-group is-style-ext-preset--group--natural-1--item-card-1--align-start ext-animate--on has-global-padding is-layout-constrained wp-block-group-is-layout-constrained is-style-ext-preset--group--natural-1--item-card-1--align-start--8\">\n<figure class=\"wp-block-image size-large ext-animate--on\"><img loading=\"lazy\" decoding=\"async\" width=\"768\" height=\"1024\" src=\"https:\/\/www.autoservisbmb.com\/wp-content\/uploads\/2026\/03\/IMG-20260327-WA0004-768x1024.jpg\" alt=\"\" class=\"wp-image-194\" style=\"aspect-ratio:4\/3;object-fit:cover\" srcset=\"https:\/\/www.autoservisbmb.com\/wp-content\/uploads\/2026\/03\/IMG-20260327-WA0004-768x1024.jpg 768w, https:\/\/www.autoservisbmb.com\/wp-content\/uploads\/2026\/03\/IMG-20260327-WA0004-225x300.jpg 225w, https:\/\/www.autoservisbmb.com\/wp-content\/uploads\/2026\/03\/IMG-20260327-WA0004-1152x1536.jpg 1152w, https:\/\/www.autoservisbmb.com\/wp-content\/uploads\/2026\/03\/IMG-20260327-WA0004-9x12.jpg 9w, https:\/\/www.autoservisbmb.com\/wp-content\/uploads\/2026\/03\/IMG-20260327-WA0004.jpg 1500w\" sizes=\"auto, (max-width: 768px) 100vw, 768px\" \/><\/figure>\n\n\n\n<div class=\"wp-block-group is-style-default ext-animate--on has-global-padding is-layout-constrained wp-block-group-is-layout-constrained\">\n<h3 class=\"wp-block-heading ext-animate--on\">Starter and alternator repair<\/h3>\n\n\n\n<p class=\"ext-animate--on\">We make sure that your vehicle always starts without problems and functions safely at all times.<\/p>\n<\/div>\n<\/div>\n<\/div>\n<\/div>\n<\/div>\n\n\n\n<div class=\"wp-block-group alignfull is-style-ext-preset--group--natural-1--section ext-animate--on has-background-background-color has-background has-global-padding is-layout-constrained wp-container-core-group-is-layout-e955bbaf wp-block-group-is-layout-constrained\" id=\"services\" style=\"margin-top:0;margin-bottom:0;padding-top:var(--wp--preset--spacing--70);padding-bottom:var(--wp--preset--spacing--70)\">\n<div class=\"wp-block-columns alignwide ext-animate--on is-layout-flex wp-container-core-columns-is-layout-08c01c1c wp-block-columns-is-layout-flex\">\n<div class=\"wp-block-column ext-animate--on is-layout-flow wp-block-column-is-layout-flow\">\n<div class=\"wp-block-group is-style-ext-preset--group--natural-1--item-card-1--align-start ext-animate--on has-global-padding is-layout-constrained wp-block-group-is-layout-constrained is-style-ext-preset--group--natural-1--item-card-1--align-start--10\">\n<figure class=\"wp-block-image size-large ext-animate--on\"><img loading=\"lazy\" decoding=\"async\" width=\"1024\" height=\"768\" src=\"https:\/\/www.autoservisbmb.com\/wp-content\/uploads\/2026\/03\/IMG-20260323-WA0014-1024x768.jpg\" alt=\"\" class=\"wp-image-163\" style=\"aspect-ratio:4\/3;object-fit:cover\" srcset=\"https:\/\/www.autoservisbmb.com\/wp-content\/uploads\/2026\/03\/IMG-20260323-WA0014-1024x768.jpg 1024w, https:\/\/www.autoservisbmb.com\/wp-content\/uploads\/2026\/03\/IMG-20260323-WA0014-300x225.jpg 300w, https:\/\/www.autoservisbmb.com\/wp-content\/uploads\/2026\/03\/IMG-20260323-WA0014-768x576.jpg 768w, https:\/\/www.autoservisbmb.com\/wp-content\/uploads\/2026\/03\/IMG-20260323-WA0014-16x12.jpg 16w, https:\/\/www.autoservisbmb.com\/wp-content\/uploads\/2026\/03\/IMG-20260323-WA0014.jpg 1080w\" sizes=\"auto, (max-width: 1024px) 100vw, 1024px\" \/><\/figure>\n\n\n\n<div class=\"wp-block-group is-style-default ext-animate--on has-global-padding is-layout-constrained wp-block-group-is-layout-constrained\">\n<h3 class=\"wp-block-heading ext-animate--on\">Suspension repair<\/h3>\n\n\n\n<p class=\"ext-animate--on\">We ensure vehicle stability and safe driving without unpleasant vibrations and knocking.<\/p>\n<\/div>\n<\/div>\n<\/div>\n\n\n\n<div class=\"wp-block-column ext-animate--on is-layout-flow wp-block-column-is-layout-flow\">\n<div class=\"wp-block-group is-style-ext-preset--group--natural-1--item-card-1--align-start ext-animate--on has-global-padding is-layout-constrained wp-block-group-is-layout-constrained is-style-ext-preset--group--natural-1--item-card-1--align-start--11\">\n<figure class=\"wp-block-image size-large ext-animate--on\"><img loading=\"lazy\" decoding=\"async\" width=\"768\" height=\"1024\" src=\"https:\/\/www.autoservisbmb.com\/wp-content\/uploads\/2026\/03\/IMG-20260326-WA0022-768x1024.jpg\" alt=\"\" class=\"wp-image-173\" style=\"aspect-ratio:4\/3;object-fit:cover\" srcset=\"https:\/\/www.autoservisbmb.com\/wp-content\/uploads\/2026\/03\/IMG-20260326-WA0022-768x1024.jpg 768w, https:\/\/www.autoservisbmb.com\/wp-content\/uploads\/2026\/03\/IMG-20260326-WA0022-225x300.jpg 225w, https:\/\/www.autoservisbmb.com\/wp-content\/uploads\/2026\/03\/IMG-20260326-WA0022-1152x1536.jpg 1152w, https:\/\/www.autoservisbmb.com\/wp-content\/uploads\/2026\/03\/IMG-20260326-WA0022-9x12.jpg 9w, https:\/\/www.autoservisbmb.com\/wp-content\/uploads\/2026\/03\/IMG-20260326-WA0022.jpg 1500w\" sizes=\"auto, (max-width: 768px) 100vw, 768px\" \/><\/figure>\n\n\n\n<div class=\"wp-block-group is-style-default ext-animate--on has-global-padding is-layout-constrained wp-block-group-is-layout-constrained\">\n<h3 class=\"wp-block-heading ext-animate--on\">Torsion bar refurbishment<\/h3>\n\n\n\n<p class=\"ext-animate--on\">We make sure that your vehicle maintains stability and safety, regardless of the load and road conditions.<\/p>\n<\/div>\n<\/div>\n<\/div>\n\n\n\n<div class=\"wp-block-column ext-animate--on is-layout-flow wp-block-column-is-layout-flow\">\n<div class=\"wp-block-group is-style-ext-preset--group--natural-1--item-card-1--align-start ext-animate--on has-global-padding is-layout-constrained wp-block-group-is-layout-constrained is-style-ext-preset--group--natural-1--item-card-1--align-start--12\">\n<figure class=\"wp-block-image size-large ext-animate--on\"><img loading=\"lazy\" decoding=\"async\" width=\"768\" height=\"1024\" src=\"https:\/\/www.autoservisbmb.com\/wp-content\/uploads\/2026\/03\/IMG-20260326-WA0018-768x1024.jpg\" alt=\"\" class=\"wp-image-169\" style=\"aspect-ratio:4\/3;object-fit:cover\" srcset=\"https:\/\/www.autoservisbmb.com\/wp-content\/uploads\/2026\/03\/IMG-20260326-WA0018-768x1024.jpg 768w, https:\/\/www.autoservisbmb.com\/wp-content\/uploads\/2026\/03\/IMG-20260326-WA0018-225x300.jpg 225w, https:\/\/www.autoservisbmb.com\/wp-content\/uploads\/2026\/03\/IMG-20260326-WA0018-1152x1536.jpg 1152w, https:\/\/www.autoservisbmb.com\/wp-content\/uploads\/2026\/03\/IMG-20260326-WA0018-9x12.jpg 9w, https:\/\/www.autoservisbmb.com\/wp-content\/uploads\/2026\/03\/IMG-20260326-WA0018.jpg 1500w\" sizes=\"auto, (max-width: 768px) 100vw, 768px\" \/><\/figure>\n\n\n\n<div class=\"wp-block-group is-style-default ext-animate--on has-global-padding is-layout-constrained wp-block-group-is-layout-constrained\">\n<h3 class=\"wp-block-heading ext-animate--on\">Engine overhaul<\/h3>\n\n\n\n<p class=\"ext-animate--on\">We restore power, safety and long-lasting operation to every engine and extend the life of your vehicle.<\/p>\n<\/div>\n<\/div>\n<\/div>\n<\/div>\n<\/div>","protected":false},"excerpt":{"rendered":"<p>Pouzdana i stru\u010dna nega koja je Va\u0161em vozilu potrebna Otkrijte na\u0161 \u0161irok spektar usluga, posvec\u0301enih preciznosti i va\u0161em zadovoljstvu. Dijagnostika, mehanika i elektrika Brzo i lako ustanovljavamo problem i nudimo najbolje i najpouzdanije re\u0161enje. Popravka ko\u010dnica Servisi svih vrsta ko\u010dnica koji osiguravaju va\u0161u bezbednost i performanse na putu. Veliki i mali servis Pouzdano odr\u017eavanje koje [&hellip;]<\/p>\n","protected":false},"author":1,"featured_media":0,"parent":0,"menu_order":0,"comment_status":"closed","ping_status":"closed","template":"page-with-title","meta":{"_monsterinsights_skip_tracking":false,"_monsterinsights_sitenote_active":false,"_monsterinsights_sitenote_note":"","_monsterinsights_sitenote_category":0,"footnotes":""},"class_list":["post-27","page","type-page","status-publish","hentry"],"_links":{"self":[{"href":"https:\/\/www.autoservisbmb.com\/en\/wp-json\/wp\/v2\/pages\/27","targetHints":{"allow":["GET"]}}],"collection":[{"href":"https:\/\/www.autoservisbmb.com\/en\/wp-json\/wp\/v2\/pages"}],"about":[{"href":"https:\/\/www.autoservisbmb.com\/en\/wp-json\/wp\/v2\/types\/page"}],"author":[{"embeddable":true,"href":"https:\/\/www.autoservisbmb.com\/en\/wp-json\/wp\/v2\/users\/1"}],"replies":[{"embeddable":true,"href":"https:\/\/www.autoservisbmb.com\/en\/wp-json\/wp\/v2\/comments?post=27"}],"version-history":[{"count":10,"href":"https:\/\/www.autoservisbmb.com\/en\/wp-json\/wp\/v2\/pages\/27\/revisions"}],"predecessor-version":[{"id":195,"href":"https:\/\/www.autoservisbmb.com\/en\/wp-json\/wp\/v2\/pages\/27\/revisions\/195"}],"wp:attachment":[{"href":"https:\/\/www.autoservisbmb.com\/en\/wp-json\/wp\/v2\/media?parent=27"}],"curies":[{"name":"wp","href":"https:\/\/api.w.org\/{rel}","templated":true}]}}